{"id":306,"date":"2014-09-02T22:01:03","date_gmt":"2014-09-02T19:01:03","guid":{"rendered":"http:\/\/www.serdarbeji.com\/?page_id=306"},"modified":"2015-02-02T15:36:07","modified_gmt":"2015-02-02T12:36:07","slug":"calismalar","status":"publish","type":"page","link":"http:\/\/www.serdarbeji.com\/?page_id=306","title":{"rendered":"\u00c7ALI\u015eMALAR"},"content":{"rendered":"<p>Dalga sim\u00fclasyonlar\u0131, A\u00e7\u0131k Deniz Yap\u0131lar\u0131, \u00c7eken Ak\u0131nt\u0131lar ve Matematik konular\u0131ndaki \u00e7al\u0131\u015fmalar\u0131ma alt sayfalardan eri\u015filebilir.<\/p>\n","protected":false},"excerpt":{"rendered":"<p>Dalga sim\u00fclasyonlar\u0131, A\u00e7\u0131k Deniz Yap\u0131lar\u0131, \u00c7eken Ak\u0131nt\u0131lar ve Matematik konular\u0131ndaki \u00e7al\u0131\u015fmalar\u0131ma alt sayfalardan eri\u015filebilir.<\/p>\n","protected":false},"author":1,"featured_media":0,"parent":0,"menu_order":0,"comment_status":"open","ping_status":"open","template":"","meta":{"footnotes":""},"class_list":["post-306","page","type-page","status-publish","hentry"],"_links":{"self":[{"href":"http:\/\/www.serdarbeji.com\/index.php?rest_route=\/wp\/v2\/pages\/306","targetHints":{"allow":["GET"]}}],"collection":[{"href":"http:\/\/www.serdarbeji.com\/index.php?rest_route=\/wp\/v2\/pages"}],"about":[{"href":"http:\/\/www.serdarbeji.com\/index.php?rest_route=\/wp\/v2\/types\/page"}],"author":[{"embeddable":true,"href":"http:\/\/www.serdarbeji.com\/index.php?rest_route=\/wp\/v2\/users\/1"}],"replies":[{"embeddable":true,"href":"http:\/\/www.serdarbeji.com\/index.php?rest_route=%2Fwp%2Fv2%2Fcomments&post=306"}],"version-history":[{"count":4,"href":"http:\/\/www.serdarbeji.com\/index.php?rest_route=\/wp\/v2\/pages\/306\/revisions"}],"predecessor-version":[{"id":405,"href":"http:\/\/www.serdarbeji.com\/index.php?rest_route=\/wp\/v2\/pages\/306\/revisions\/405"}],"wp:attachment":[{"href":"http:\/\/www.serdarbeji.com\/index.php?rest_route=%2Fwp%2Fv2%2Fmedia&parent=306"}],"curies":[{"name":"wp","href":"https:\/\/api.w.org\/{rel}","templated":true}]}}