{"id":356,"date":"2015-01-15T23:42:17","date_gmt":"2015-01-15T20:42:17","guid":{"rendered":"http:\/\/www.serdarbeji.com\/?page_id=356"},"modified":"2015-01-15T23:42:49","modified_gmt":"2015-01-15T20:42:49","slug":"1994-makalesi-deney-verileri","status":"publish","type":"page","link":"http:\/\/www.serdarbeji.com\/?page_id=356","title":{"rendered":"1994 Makalesi Deney Verileri"},"content":{"rendered":"<p style=\"text-align: justify;\">1994 Makalesinde\u00a0<a href=\"http:\/\/www.serdarbeji.com\/wp-content\/uploads\/2014\/03\/Beji-Battjes-Coastal-Eng-94.pdf\">Beji Battjes Coastal Eng 94<\/a>\u00a0kullan\u0131lan deney \u00f6l\u00e7\u00fcmlerine ili\u015fkin ayr\u0131nt\u0131lar ve veri dosyalar\u0131n\u0131n i\u00e7eri\u011fiyle ilgili a\u00e7\u0131klamalar ise\u00a0<a href=\"http:\/\/www.serdarbeji.com\/wp-content\/uploads\/2015\/01\/DATA-1994-PAPER.pdf\">DATA 1994 PAPER<\/a>\u00a0dosyas\u0131nda bulunabilir. Deney verilerinin siteye y\u00fcklenmesi sistem taraf\u0131ndan g\u00fcvenlik gerek\u00e7esiyle\u00a0engellendi\u011fi i\u00e7in bu verileri e-posta adresime yazarak isteyebilirsiniz.<\/p>\n","protected":false},"excerpt":{"rendered":"<p>1994 Makalesinde\u00a0Beji Battjes Coastal Eng 94\u00a0kullan\u0131lan deney \u00f6l\u00e7\u00fcmlerine ili\u015fkin ayr\u0131nt\u0131lar ve veri dosyalar\u0131n\u0131n i\u00e7eri\u011fiyle ilgili a\u00e7\u0131klamalar ise\u00a0DATA 1994 PAPER\u00a0dosyas\u0131nda bulunabilir. Deney verilerinin siteye y\u00fcklenmesi sistem taraf\u0131ndan g\u00fcvenlik gerek\u00e7esiyle\u00a0engellendi\u011fi i\u00e7in bu verileri e-posta adresime yazarak isteyebilirsiniz.<\/p>\n","protected":false},"author":1,"featured_media":0,"parent":340,"menu_order":0,"comment_status":"open","ping_status":"open","template":"","meta":{"footnotes":""},"class_list":["post-356","page","type-page","status-publish","hentry"],"_links":{"self":[{"href":"http:\/\/www.serdarbeji.com\/index.php?rest_route=\/wp\/v2\/pages\/356","targetHints":{"allow":["GET"]}}],"collection":[{"href":"http:\/\/www.serdarbeji.com\/index.php?rest_route=\/wp\/v2\/pages"}],"about":[{"href":"http:\/\/www.serdarbeji.com\/index.php?rest_route=\/wp\/v2\/types\/page"}],"author":[{"embeddable":true,"href":"http:\/\/www.serdarbeji.com\/index.php?rest_route=\/wp\/v2\/users\/1"}],"replies":[{"embeddable":true,"href":"http:\/\/www.serdarbeji.com\/index.php?rest_route=%2Fwp%2Fv2%2Fcomments&post=356"}],"version-history":[{"count":1,"href":"http:\/\/www.serdarbeji.com\/index.php?rest_route=\/wp\/v2\/pages\/356\/revisions"}],"predecessor-version":[{"id":359,"href":"http:\/\/www.serdarbeji.com\/index.php?rest_route=\/wp\/v2\/pages\/356\/revisions\/359"}],"up":[{"embeddable":true,"href":"http:\/\/www.serdarbeji.com\/index.php?rest_route=\/wp\/v2\/pages\/340"}],"wp:attachment":[{"href":"http:\/\/www.serdarbeji.com\/index.php?rest_route=%2Fwp%2Fv2%2Fmedia&parent=356"}],"curies":[{"name":"wp","href":"https:\/\/api.w.org\/{rel}","templated":true}]}}