{"id":388,"date":"2015-02-02T14:42:01","date_gmt":"2015-02-02T11:42:01","guid":{"rendered":"http:\/\/www.serdarbeji.com\/?page_id=388"},"modified":"2015-12-12T14:25:05","modified_gmt":"2015-12-12T11:25:05","slug":"genel-aciklamalar","status":"publish","type":"page","link":"http:\/\/www.serdarbeji.com\/?page_id=388","title":{"rendered":"Genel A\u00e7\u0131klamalar"},"content":{"rendered":"<p style=\"text-align: justify;\">1990 y\u0131l\u0131 sonundan 1992 y\u0131l\u0131 ba\u015flar\u0131na kadar, Avrupa Birli\u011fi MAST (Marine Science and Technology) program\u0131 deste\u011finde\u00a0doktora \u00fcst\u00fc \u00e7al\u0131\u015fmalar yapt\u0131\u011f\u0131m Delft Teknik \u00dcniversite&#8217;sinde, Prof. Dr. Jurjen A. Battjes&#8217;in dan\u0131\u015fmanl\u0131\u011f\u0131nda bir dizi deneyler yapt\u0131m. Deneyler, bir sualt\u0131 t\u00fcmse\u011fi \u00fczerinden ilerleyen lineer olmayan dalgalara ait \u00f6l\u00e7\u00fcmlerdi. \u00d6l\u00e7\u00fcmler, iki ayr\u0131 grupta ger\u00e7ekle\u015ftirildi. \u0130lki, sekiz farkl\u0131 \u00f6l\u00e7\u00fcm noktas\u0131nda nispeten daha d\u00fc\u015f\u00fck \u00e7\u00f6z\u00fcn\u00fcrl\u00fckte (10.0035 Hz\u00a0veya 0.0999648 saniye)\u00a0kay\u0131tlar\u0131n yap\u0131ld\u0131\u011f\u0131 ve dalga k\u0131r\u0131lmalar\u0131 etkilerinin incelenmesinin temel ama\u00e7 oldu\u011fu \u00f6l\u00e7\u00fcmlerdi. Bunlar 1993 y\u0131l\u0131nda Coastal Engineering dergiside yay\u0131nlanan <a href=\"http:\/\/www.serdarbeji.com\/wp-content\/uploads\/2014\/03\/Beji-Battjes-Coastal-Eng-93.pdf\">Beji Battjes Coastal Eng 93<\/a>\u00a0makalede rapor edilmi\u015ftir. \u0130kinci grup \u00f6l\u00e7\u00fcmler de\u00a0yine sekiz ayr\u0131 noktada fakat daha y\u00fcksek \u00e7\u00f6z\u00fcn\u00fcrl\u00fckte (25.4375 Hz veya 0.039312 saniye)\u00a0yap\u0131ld\u0131. Bu deneyler,\u00a0say\u0131sal model\u00a0sim\u00fclasyonlar\u0131nda\u00a0test ama\u00e7l\u0131 kullan\u0131lmak \u00fczere tasarland\u0131. Sekiz \u00f6l\u00e7\u00fcm noktas\u0131n\u0131n ilki dalga yap\u0131c\u0131 pistonun hareketini kaydetmekteydi. Dalga yap\u0131c\u0131n\u0131n hareketini say\u0131sal modele\u00a0girdi kullan\u0131larak ger\u00e7ekle\u015ftirilen sim\u00fclasyonlar ve bunlar\u0131n \u00f6l\u00e7\u00fcmlerle k\u0131yaslamalar\u0131 1994 y\u0131l\u0131nda J. Waterway, Port, Coastal, and Ocean Engineering&#8217;de\u00a0<a href=\"http:\/\/www.serdarbeji.com\/wp-content\/uploads\/2014\/09\/Ohyama-Beji-Nadaoka-Battjes-J-Waterway-Port-Coastal-Ocean-Eng-94.pdf\">Ohyama Beji Nadaoka Battjes J Waterway Port Coastal Ocean Eng 94<\/a>\u00a0yay\u0131nland\u0131.\u00a0\u0130yile\u015ftirilmi\u015f bir Boussinesq modeliyle yine ikinci grup deney verisi kullan\u0131larak yap\u0131lan k\u0131yaslamalar 1994 y\u0131l\u0131nda Coastal Engineering&#8217;de <a href=\"http:\/\/www.serdarbeji.com\/wp-content\/uploads\/2014\/03\/Beji-Battjes-Coastal-Eng-94.pdf\">Beji Battjes Coastal Eng 94<\/a>\u00a0yay\u0131nland\u0131. Ancak bu \u00e7al\u0131\u015fmada, Boussinesq modeli dalga yap\u0131c\u0131n\u0131n hareketini kullanmad\u0131\u011f\u0131 i\u00e7in di\u011fer yedi \u00f6l\u00e7\u00fcm noktas\u0131 kullan\u0131ld\u0131. Bu yedi \u00f6l\u00e7\u00fcm noktas\u0131ndan ilki, istasyon 1, say\u0131sal modele girdi olarak kullan\u0131ld\u0131. Kalan alt\u0131 istasyonda say\u0131sal model ile deneyler k\u0131yasland\u0131. Deneyleri izleyen y\u0131llarda,\u00a0de\u011fi\u015fik formatlarda de\u011fi\u015fik ortamlara aktar\u0131lan ikinci deney grubu \u00f6l\u00e7\u00fcmlerinin dalga yap\u0131c\u0131 kay\u0131tlar\u0131n\u0131 i\u00e7eren ilk istasyona ait kay\u0131tlar kullan\u0131lmaz hale gelmi\u015ftir. \u015eu anda ikinci grup \u00f6l\u00e7\u00fcmler yaln\u0131zca yedi istasyona ait kay\u0131tlar\u0131 i\u00e7ermektedir.<\/p>\n","protected":false},"excerpt":{"rendered":"<p>1990 y\u0131l\u0131 sonundan 1992 y\u0131l\u0131 ba\u015flar\u0131na kadar, Avrupa Birli\u011fi MAST (Marine Science and Technology) program\u0131 deste\u011finde\u00a0doktora \u00fcst\u00fc \u00e7al\u0131\u015fmalar yapt\u0131\u011f\u0131m Delft Teknik \u00dcniversite&#8217;sinde, Prof. Dr. Jurjen A. Battjes&#8217;in dan\u0131\u015fmanl\u0131\u011f\u0131nda bir dizi deneyler yapt\u0131m. Deneyler, bir sualt\u0131 t\u00fcmse\u011fi \u00fczerinden ilerleyen lineer olmayan&#8230; <a class=\"more-link\" href=\"http:\/\/www.serdarbeji.com\/?page_id=388\">Continue Reading &rarr;<\/a><\/p>\n","protected":false},"author":1,"featured_media":0,"parent":340,"menu_order":0,"comment_status":"open","ping_status":"open","template":"","meta":{"footnotes":""},"class_list":["post-388","page","type-page","status-publish","hentry"],"_links":{"self":[{"href":"http:\/\/www.serdarbeji.com\/index.php?rest_route=\/wp\/v2\/pages\/388","targetHints":{"allow":["GET"]}}],"collection":[{"href":"http:\/\/www.serdarbeji.com\/index.php?rest_route=\/wp\/v2\/pages"}],"about":[{"href":"http:\/\/www.serdarbeji.com\/index.php?rest_route=\/wp\/v2\/types\/page"}],"author":[{"embeddable":true,"href":"http:\/\/www.serdarbeji.com\/index.php?rest_route=\/wp\/v2\/users\/1"}],"replies":[{"embeddable":true,"href":"http:\/\/www.serdarbeji.com\/index.php?rest_route=%2Fwp%2Fv2%2Fcomments&post=388"}],"version-history":[{"count":5,"href":"http:\/\/www.serdarbeji.com\/index.php?rest_route=\/wp\/v2\/pages\/388\/revisions"}],"predecessor-version":[{"id":477,"href":"http:\/\/www.serdarbeji.com\/index.php?rest_route=\/wp\/v2\/pages\/388\/revisions\/477"}],"up":[{"embeddable":true,"href":"http:\/\/www.serdarbeji.com\/index.php?rest_route=\/wp\/v2\/pages\/340"}],"wp:attachment":[{"href":"http:\/\/www.serdarbeji.com\/index.php?rest_route=%2Fwp%2Fv2%2Fmedia&parent=388"}],"curies":[{"name":"wp","href":"https:\/\/api.w.org\/{rel}","templated":true}]}}