{"id":448,"date":"2015-07-01T20:59:47","date_gmt":"2015-07-01T17:59:47","guid":{"rendered":"http:\/\/www.serdarbeji.com\/?page_id=448"},"modified":"2026-03-11T21:03:30","modified_gmt":"2026-03-11T18:03:30","slug":"ulusal-makaleler-raporlar-ve-kitaplar","status":"publish","type":"page","link":"http:\/\/www.serdarbeji.com\/?page_id=448","title":{"rendered":"Ulusal Makaleler, Raporlar ve Kitaplar"},"content":{"rendered":"<p style=\"text-align: center;\"><strong>Ulusal Makaleler, Raporlar ve Kitaplar<\/strong><\/p>\n<ol>\n<li>Development and testing of a consistent body mass index (CBMI) <a href=\"http:\/\/www.serdarbeji.com\/wp-content\/uploads\/2026\/03\/BIRUNI-REPORT_BR-ENS-CE-001-26.pdf\">BIRUNI REPORT_BR-ENS-CE-001-26<\/a><\/li>\n<li>Fiziksel Deniz Bilimleri (Kitap) <a href=\"http:\/\/www.serdarbeji.com\/wp-content\/uploads\/2023\/10\/Fiziksel-Deniz-Bilimleri-Kitap-Serdar-Beji-23.pdf\">Fiziksel Deniz Bilimleri-Kitap-Serdar Beji 23<\/a><\/li>\n<li>A\u00e7\u0131k deniz r\u00fczgar \u00e7iftliklerinin mali a\u00e7\u0131dan incelenmesi <a href=\"http:\/\/www.serdarbeji.com\/wp-content\/uploads\/2020\/01\/Cokyasar-Beji-GMO-19.pdf\">Cokyasar Beji GMO 19<\/a><\/li>\n<li>Hydrodynamics and modelling of Turkish Straits\u00a0<a href=\"http:\/\/www.serdarbeji.com\/wp-content\/uploads\/2018\/12\/Beji-Erdik-TUDAV-18.pdf\">Beji Erdik TUDAV 18<\/a><\/li>\n<li>Wave climate in the Sea of Marmara\u00a0<a href=\"http:\/\/www.serdarbeji.com\/wp-content\/uploads\/2018\/12\/Erdik-Beji-TUDAV-18.pdf\">Erdik Beji TUDAV 18<\/a><\/li>\n<li>Konuma ve zamana ba\u011fl\u0131 de\u011fi\u015fen dip batimetrisi i\u00e7in geli\u015fmi\u015f Boussinesq modeli ve uygulamalar\u0131\u00a0<a href=\"http:\/\/www.serdarbeji.com\/wp-content\/uploads\/2018\/11\/Beji-KMS1-18.pdf\">Beji KMS1 18<\/a><\/li>\n<li>S\u0131\u011f ve derin sularda ge\u00e7erli Kadomtsev-Petviashvili denklemi ve uygulamalar\u0131\u00a0<a href=\"http:\/\/www.serdarbeji.com\/wp-content\/uploads\/2018\/11\/Beji-KMS2-18.pdf\">Beji KMS2 18<\/a><\/li>\n<li>Deniz Teknolojisi M\u00fchendisli\u011fi&#8217;nde lisans ve y\u00fcksek lisans e\u011fitimi\u00a0<a href=\"http:\/\/www.serdarbeji.com\/wp-content\/uploads\/2018\/11\/Unsan-Beji-Ergin-KMS-18.pdf\">Unsan Beji Ergin KMS 18<\/a><\/li>\n<li>2007-2016 y\u0131llar\u0131 aras\u0131nda \u0130stanbul&#8217;da \u00e7eken ak\u0131nt\u0131lar konusunda yap\u0131lan \u00e7al\u0131\u015fmalar\u00a0<a href=\"http:\/\/www.serdarbeji.com\/wp-content\/uploads\/2018\/06\/Barlas-Beji-SBCAC-18.pdf\">Barlas Beji SBCAC 18<\/a><\/li>\n<li>Rip currents across the shores of the Black Sea\u00a0<a href=\"http:\/\/www.serdarbeji.com\/wp-content\/uploads\/2018\/01\/Beji-Barlas-TUDAV-Black-Sea-Book-17.pdf\">Beji Barlas TUDAV Black Sea Book 17<\/a><\/li>\n<li>\u00c7eken ak\u0131nt\u0131lar ve suda bo\u011fulmalar <a href=\"http:\/\/www.serdarbeji.com\/wp-content\/uploads\/2014\/03\/Beji-Barlas-AFAD-Kitap-15.pdf\">Beji Barlas AFAD Kitap 15<\/a><\/li>\n<li>Hareket eden bir bas\u0131n\u00e7 alan\u0131n\u0131n olu\u015fturdu\u011fu dalgalar\u0131n say\u0131sal olarak modellenmesi <a href=\"http:\/\/www.serdarbeji.com\/wp-content\/uploads\/2015\/07\/Bayraktar-Beji-KMS-14.pdf\">Bayraktar Beji KMS 14<\/a><\/li>\n<li>2007-2013 y\u0131llar\u0131 aras\u0131nda \u0130stanbul\u2019da \u00e7eken ak\u0131nt\u0131lar nedeniyle meydana gelen bo\u011fulmalar <a href=\"http:\/\/www.serdarbeji.com\/wp-content\/uploads\/2014\/03\/Barlas-Beji-KMS-14.pdf\">Barlas Beji KMS 14<\/a><\/li>\n<li>\u00c7eken ak\u0131nt\u0131lar ve suda bo\u011fulmalar \u00e7al\u0131\u015ftay\u0131 <a href=\"http:\/\/www.serdarbeji.com\/wp-content\/uploads\/2014\/03\/Beji-Barlas-Isik-ITU-Vakfi-Kitap-13.pdf\">Beji Barlas Isik ITU Vakfi Kitap 13<\/a><\/li>\n<li>Hareket eden yar\u0131mk\u00fcre \u015feklindeki bir cismin olu\u015fturdu\u011fu dalgalar\u0131n say\u0131sal olarak modellenmesi <a href=\"http:\/\/www.serdarbeji.com\/wp-content\/uploads\/2015\/07\/Bayraktar-Beji-GMO-Dergi-13.pdf\">Bayraktar Beji GMO Dergi 13<\/a><\/li>\n<li>Hareket eden yar\u0131mk\u00fcre \u015feklindeki bir cismin olu\u015fturdu\u011fu dalgalar\u0131n say\u0131sal olarak modellenmesi <a href=\"http:\/\/www.serdarbeji.com\/wp-content\/uploads\/2015\/07\/Bayraktar-Beji-GMS-12.pdf\">Bayraktar Beji GMS 12<\/a><\/li>\n<li>\u00c7eken ak\u0131nt\u0131lar ve \u0130stanbul\u2019da bo\u011fulma olaylar\u0131n\u0131n incelenmesi <a href=\"http:\/\/www.serdarbeji.com\/wp-content\/uploads\/2014\/03\/Barlas-Beji-Tasci-Isik-GMS-12.pdf\">Barlas Beji Tasci Isik GMS 12<\/a><\/li>\n<li>Limanlarda ve dalgak\u0131ranlar\u0131n civar\u0131ndaki k\u0131y\u0131 b\u00f6lgelerinde dalga hareketlerinin say\u0131sal modellenmesi <a href=\"http:\/\/www.serdarbeji.com\/wp-content\/uploads\/2015\/07\/Beji-KMS-11.pdf\">Beji KMS 11<\/a><\/li>\n<li>\u0130stanbul Bo\u011faz\u0131\u2019nda iki tabakal\u0131 ak\u0131\u015f\u0131n say\u0131sal incelenmesi <a href=\"http:\/\/www.serdarbeji.com\/wp-content\/uploads\/2015\/07\/Beji-Dikili-Barlas-GMS-08.pdf\">Beji Dikili Barlas GMS 08<\/a><\/li>\n<li>\u015eile ve benzeri k\u0131y\u0131larda bo\u011fulmalara neden olan \u00e7eken ak\u0131nt\u0131lar\u0131n incelenmesi <a href=\"http:\/\/www.serdarbeji.com\/wp-content\/uploads\/2015\/07\/Beji-Barlas-GMO-Rapor-07.pdf\">Beji Barlas GMO Rapor 07<\/a><\/li>\n<li>Marmara Denizi\u2019nde tsunami senaryolar\u0131n\u0131n modellenmesi <a href=\"http:\/\/www.serdarbeji.com\/wp-content\/uploads\/2015\/07\/Beji-GMS-04.pdf\">Beji GMS 04<\/a><\/li>\n<li>D\u00fczg\u00fcn olmayan s\u0131n\u0131rlar i\u00e7in bir dalga modeli <a href=\"http:\/\/www.serdarbeji.com\/wp-content\/uploads\/2015\/07\/Barlas-Beji-UMK-99.pdf\">Barlas Beji UMK 99<\/a><\/li>\n<li>Spectral domain solution of an improved Boussinesq model <a href=\"http:\/\/www.serdarbeji.com\/wp-content\/uploads\/2015\/07\/Beji-Coastal-Eng-Workshop-2nd-94.pdf\">Beji Coastal Eng Workshop 2nd 94<\/a><\/li>\n<li>\u00d6n tasar\u0131mda Kafal\u0131-Posdunine ba\u011f\u0131nt\u0131s\u0131n\u0131n Cradan form\u00fcl\u00fc ile kesin \u00e7\u00f6z\u00fcm\u00fc <a href=\"http:\/\/www.serdarbeji.com\/wp-content\/uploads\/2015\/07\/Beji-Boyaci-GMO-Dergi-84.pdf\">Beji Boyaci GMO Dergi 84<\/a><\/li>\n<li>Gemi M\u00fchendisli\u011finde ara de\u011ferlere analitik yakla\u015f\u0131m <a href=\"http:\/\/www.serdarbeji.com\/wp-content\/uploads\/2015\/07\/Dikili-Beji-GMO-Dergi-84.pdf\">Dikili Beji GMO Dergi 84<\/a><\/li>\n<\/ol>\n","protected":false},"excerpt":{"rendered":"<p>Ulusal Makaleler, Raporlar ve Kitaplar Development and testing of a consistent body mass index (CBMI) BIRUNI REPORT_BR-ENS-CE-001-26 Fiziksel Deniz Bilimleri (Kitap) Fiziksel Deniz Bilimleri-Kitap-Serdar Beji 23 A\u00e7\u0131k deniz r\u00fczgar \u00e7iftliklerinin mali a\u00e7\u0131dan incelenmesi Cokyasar Beji GMO 19 Hydrodynamics and modelling&#8230; <a class=\"more-link\" href=\"http:\/\/www.serdarbeji.com\/?page_id=448\">Continue Reading &rarr;<\/a><\/p>\n","protected":false},"author":1,"featured_media":0,"parent":0,"menu_order":0,"comment_status":"open","ping_status":"open","template":"","meta":{"footnotes":""},"class_list":["post-448","page","type-page","status-publish","hentry"],"_links":{"self":[{"href":"http:\/\/www.serdarbeji.com\/index.php?rest_route=\/wp\/v2\/pages\/448","targetHints":{"allow":["GET"]}}],"collection":[{"href":"http:\/\/www.serdarbeji.com\/index.php?rest_route=\/wp\/v2\/pages"}],"about":[{"href":"http:\/\/www.serdarbeji.com\/index.php?rest_route=\/wp\/v2\/types\/page"}],"author":[{"embeddable":true,"href":"http:\/\/www.serdarbeji.com\/index.php?rest_route=\/wp\/v2\/users\/1"}],"replies":[{"embeddable":true,"href":"http:\/\/www.serdarbeji.com\/index.php?rest_route=%2Fwp%2Fv2%2Fcomments&post=448"}],"version-history":[{"count":23,"href":"http:\/\/www.serdarbeji.com\/index.php?rest_route=\/wp\/v2\/pages\/448\/revisions"}],"predecessor-version":[{"id":744,"href":"http:\/\/www.serdarbeji.com\/index.php?rest_route=\/wp\/v2\/pages\/448\/revisions\/744"}],"wp:attachment":[{"href":"http:\/\/www.serdarbeji.com\/index.php?rest_route=%2Fwp%2Fv2%2Fmedia&parent=448"}],"curies":[{"name":"wp","href":"https:\/\/api.w.org\/{rel}","templated":true}]}}