{"id":52,"date":"2014-03-27T12:26:35","date_gmt":"2014-03-27T09:26:35","guid":{"rendered":"http:\/\/www.serdarbeji.com\/?page_id=52"},"modified":"2024-10-25T14:10:28","modified_gmt":"2024-10-25T11:10:28","slug":"ozgecmis","status":"publish","type":"page","link":"http:\/\/www.serdarbeji.com\/?page_id=52","title":{"rendered":"\u00d6ZGE\u00c7M\u0130\u015e"},"content":{"rendered":"<p><a href=\"http:\/\/www.serdarbeji.com\/wp-content\/uploads\/2019\/10\/SBEJI_07.jpg\"><img loading=\"lazy\" decoding=\"async\" class=\"alignnone size-medium wp-image-630\" src=\"http:\/\/www.serdarbeji.com\/wp-content\/uploads\/2019\/10\/SBEJI_07-300x200.jpg\" alt=\"\" width=\"300\" height=\"200\" srcset=\"http:\/\/www.serdarbeji.com\/wp-content\/uploads\/2019\/10\/SBEJI_07-300x200.jpg 300w, http:\/\/www.serdarbeji.com\/wp-content\/uploads\/2019\/10\/SBEJI_07-768x512.jpg 768w, http:\/\/www.serdarbeji.com\/wp-content\/uploads\/2019\/10\/SBEJI_07-1024x683.jpg 1024w, http:\/\/www.serdarbeji.com\/wp-content\/uploads\/2019\/10\/SBEJI_07-945x630.jpg 945w, http:\/\/www.serdarbeji.com\/wp-content\/uploads\/2019\/10\/SBEJI_07-600x400.jpg 600w\" sizes=\"auto, (max-width: 300px) 100vw, 300px\" \/><\/a><\/p>\n<ol>\n<li><!-- [if !mso]>\n\n\n<style>\nv\\:* {behavior:url(#default#VML);}<br \/>o\\:* {behavior:url(#default#VML);}<br \/>w\\:* {behavior:url(#default#VML);}<br \/>.shape {behavior:url(#default#VML);}<br \/><\/style>\n\n<![endif]-->Ad\u0131 Soyad\u0131:\u00a0\u00a0\u00a0\u00a0\u00a0\u00a0\u00a0\u00a0\u00a0\u00a0\u00a0\u00a0\u00a0\u00a0\u00a0\u00a0\u00a0\u00a0\u00a0\u00a0 <span style=\"color: #000080;\"><strong>Serdar Beji<\/strong><\/span><\/li>\n<li>Do\u011fum Yeri ve Y\u0131l\u0131:\u00a0 \u00a0\u00a0\u00a0\u00a0\u00a0 <strong><span style=\"color: #000080;\">K\u0131rklareli, 1960<\/span><\/strong><\/li>\n<li>Medeni Hali:\u00a0\u00a0\u00a0\u00a0\u00a0\u00a0\u00a0\u00a0\u00a0\u00a0\u00a0 \u00a0 \u00a0\u00a0 \u00a0 <span style=\"color: #000080;\"><strong>Evli ve iki \u00e7ocuklu<\/strong><\/span><\/li>\n<li>\u00c7al\u0131\u015ft\u0131\u011f\u0131 Kurum:\u00a0 \u00a0 \u00a0 \u00a0 \u00a0 \u00a0 \u00a0<span style=\"color: #000080;\"><strong>Biruni \u00dcniversitesi<\/strong><\/span><\/li>\n<li>Adres:\u00a0\u00a0\u00a0\u00a0\u00a0\u00a0\u00a0\u00a0\u00a0\u00a0\u00a0\u00a0\u00a0\u00a0\u00a0\u00a0\u00a0\u00a0\u00a0\u00a0\u00a0\u00a0\u00a0\u00a0\u00a0\u00a0\u00a0\u00a0\u00a0 <span style=\"color: #000080;\"><strong>Biruni \u00dcniversitesi, M\u00fchendislik ve Do\u011fa Bilimleri Fak\u00fcltesi, 34015 Zeytinburnu<\/strong><\/span><span style=\"color: #000080;\"><strong>, \u0130stanbul, T\u00fcrkiye<\/strong><\/span><\/li>\n<li>\u00d6\u011frenim Durumu:\u00a0\u00a0\u00a0\u00a0\u00a0 \u00a0\u00a0 <strong><span style=\"color: #000080;\">Doktora, Ocean Engineering, U. of Rhode Island, USA<\/span><\/strong><\/li>\n<li>Akademik Unvanlar:\u00a0\u00a0\u00a0\u00a0 <strong><span style=\"color: #000080;\">Profes\u00f6r (1999), Do\u00e7ent (1993), Yrd. Do\u00e7ent (1992)<\/span><\/strong><\/li>\n<li>\u00d6d\u00fcller:\n<p dir=\"ltr\" style=\"text-align: justify;\"><strong><span style=\"color: #000080;\">1999 T\u00fcrkiye Bilimsel ve Teknik Ara\u015ft\u0131rma Kurumu T\u00dcB\u0130TAK \u201cTe\u015fvik \u00d6d\u00fcl\u00fc\u201d.<\/span><\/strong><\/p>\n<p dir=\"ltr\" style=\"text-align: justify;\"><strong><span style=\"color: #000080;\">1995 y\u0131l\u0131nda Japon \u0130n\u015faat M\u00fchendisleri Odas\u0131 (Japan Society of Civil Engineers), \u00a0\u201cDevelopment of a fully-dispersive nonlinear wave model and its experimental \u00a0verification\u201d ba\u015fl\u0131kl\u0131 ortak yazar\u0131 oldu\u011fu makaleyi y\u0131l\u0131n en iyi makalesi se\u00e7ti ve \u00f6d\u00fcllendirdi.<\/span><\/strong><\/p>\n<\/li>\n<li>Editorial Board \u00dcyelikleri:\n<p dir=\"ltr\" style=\"text-align: justify;\"><strong><span style=\"color: #000080;\">Maritime Technology and Research: <a href=\"https:\/\/so04.tci-thaijo.org\/index.php\/MTR\/index\" target=\"_blank\" rel=\"noopener\">MTR<\/a><\/span><\/strong><\/p>\n<p><strong><span style=\"color: #000080;\">Advances in Pure Mathematics: <a href=\"https:\/\/www.scirp.org\/journal\/detailedInforofeditorialboard.aspx?personid=10920\" target=\"_blank\" rel=\"noopener\">APM Editorial Board<\/a><\/span><\/strong><\/li>\n<li>Bulundu\u011fu G\u00f6revler:<\/li>\n<\/ol>\n<p style=\"text-align: justify;\"><strong><span style=\"color: #000080;\">Ekim 2024 itibar\u0131 ile Biruni \u00dcniversitesi, M\u00fchendislik ve Do\u011fa Bilimleri Fak\u00fcltesi, Bilgisayar M\u00fchendisli\u011fi B\u00f6l\u00fcm\u00fcnde \u00e7al\u0131\u015fmaktad\u0131r. 1992-2024 y\u0131llar\u0131 aras\u0131nda \u0130stanbul Teknik \u00dcniversitesi, Gemi \u0130n\u015faat\u0131 ve Deniz Bilimleri Fak\u00fcltesinde \u00f6\u011fretim \u00fcyesi olarak \u00e7al\u0131\u015fm\u0131\u015ft\u0131r. 1998-2000 y\u0131llar\u0131 aras\u0131nda Dekan Yard\u0131mc\u0131l\u0131\u011f\u0131, 2005-2007 ve 2008-2011 y\u0131llar\u0131nda \u00dcniversite Senato \u00dcyeli\u011fi, 2013-2014 aras\u0131nda Gemi ve Deniz Teknolojisi M\u00fchendisli\u011fi B\u00f6l\u00fcm Ba\u015fkanl\u0131\u011f\u0131 g\u00f6revlerinde bulunmu\u015ftur. 2015-2024 aras\u0131nda A\u00e7\u0131k Deniz Yap\u0131lar\u0131 Y\u00fcksek Lisans Program koordinat\u00f6rl\u00fc\u011f\u00fc yapm\u0131\u015ft\u0131r. 2012, 2013 ve 2105 y\u0131llar\u0131nda Erasmus Mundus EMSHIP program\u0131 \u00e7er\u00e7evesinde Bel\u00e7ika\u2019da Universit\u00e9 de Li\u00e8ge\u2019de davetli \u00f6\u011fretim \u00fcyesi olarak ders vermi\u015ftir.<\/span><\/strong><\/p>\n<p>1995-2003<\/p>\n<p style=\"text-align: justify;\"><strong><span style=\"color: #000080;\">1995-1998 y\u0131llar\u0131 aras\u0131nda k\u0131sa s\u00fcreli ziyaret\u00e7i ara\u015ft\u0131rmac\u0131 olarak Tokyo Institute of Technology (T.I.T.)\u2019ye davet edildi. 1997 y\u0131l\u0131nda lineer olmayan dalga modellemesi ve 2000 y\u0131l\u0131nda r\u00fczgar etkisiyle dalga olu\u015fumu konular\u0131nda ara\u015ft\u0131rmalar yapmak \u00fczere iki kez Japan Society for Promotion of Science (JSPS)\u00a0 taraf\u0131ndan k\u0131sa-d\u00f6nem ziyaret\u00e7i ara\u015ft\u0131rmac\u0131 olarak desteklendi. 2001 ve 2003 y\u0131llar\u0131nda T.I.T.\u2019yi \u00fc\u00e7 ayl\u0131k s\u00fcrelerle ziyaret etti.<\/span><\/strong><\/p>\n<p>1993-1994<\/p>\n<p style=\"text-align: justify;\"><strong><span style=\"color: #000080;\">Japonya\u2019n\u0131n en b\u00fcy\u00fck in\u015faat \u015firketlerinden Kajima\u2019ya ait vak\u0131f taraf\u0131ndan (Kajima Foundation) deniz dalgalar\u0131n\u0131n modellenmesi konular\u0131nda \u00e7al\u0131\u015fmalar yapmak \u00fczere 6 ay s\u00fcre ile desteklendi. Ayn\u0131 proje, T. I. T. Taraf\u0131ndan 4 ay s\u00fcreyle daha desteklenerek toplam 10 ayl\u0131k bir \u00e7al\u0131\u015fma ger\u00e7ekle\u015ftirildi.<\/span><\/strong><\/p>\n<p>\u00a01991-1992<\/p>\n<p style=\"text-align: justify;\"><strong><span style=\"color: #000080;\">Avrupa Birli\u011finin destekledi\u011fi MAST (MArine Science and Technology) Program\u0131 \u00e7er\u00e7evesinde Hollanda\u2019da Delft Teknik \u00dcniversitesinde 15 ay s\u00fcre ile doktora \u00fcst\u00fc \u00e7al\u0131\u015fmalarda bulundu.<\/span><\/strong><\/p>\n<p>\u00a01989-1990<\/p>\n<p style=\"text-align: justify;\"><strong><span style=\"color: #000080;\">Askerlik g\u00f6revini tamamlamak \u00fczere yedek subay olarak, Deniz Kuvvetleri Komutanl\u0131\u011f\u0131, \u00a0Sahil G\u00fcvenlik Onar\u0131m Destek Komutanl\u0131\u011f\u0131, Hask\u00f6y-\u0130stanbul\u2019da g\u00f6revlendirildi.<\/span><\/strong><\/p>\n<p>\u00a01985-1988<\/p>\n<p style=\"text-align: justify;\"><strong><span style=\"color: #000080;\">Amerika\u2019da Rhode Island \u00dcniversitesinde (University of Rhode Island) Deniz Teknolojisi M\u00fchendisli\u011fi (Ocean Engineering) b\u00f6l\u00fcm\u00fcnde doktora \u00e7al\u0131\u015fmalar\u0131n\u0131 y\u00fcr\u00fctt\u00fc. Doktora tezinin ba\u015fl\u0131\u011f\u0131: Attenuation of heave and pitch motions of floating bodies by means of an active mechanism.<\/span><\/strong><\/p>\n<p>1982-1984<\/p>\n<p><strong><span style=\"color: #000080;\">\u0130stanbul Teknik \u00dcniversitesi, Gemi \u0130n\u015faat\u0131 Fak\u00fcltesinde ara\u015ft\u0131rma g\u00f6revlisi olarak \u00e7al\u0131\u015ft\u0131.<\/span><\/strong><\/p>\n<div class=\"skype_c2c_menu_click2call\" style=\"left: 244.9px; top: 192.233px; display: none;\"><a id=\"skype_c2c_menu_click2call_action\" class=\"skype_c2c_menu_click2call_action\" href=\"skype:+902122856442?call&amp;origin=FFTB\/SPNR\/7.1.15383.6004\/http%3A%2F%2Fwww.serdarbeji.com%2Fwp-admin%2Fpost.php\">Call<\/a><\/div>\n<div class=\"skype_c2c_menu_click2sms\" style=\"left: 244.9px; top: 192.233px; display: none;\"><a id=\"skype_c2c_menu_click2sms_action\" class=\"skype_c2c_menu_click2sms_action\" href=\"skype:+902122856442?sms&amp;origin=FFTB\/SPNR\/7.1.15383.6004\/http%3A%2F%2Fwww.serdarbeji.com%2Fwp-admin%2Fpost.php\">Send SMS<\/a><\/div>\n<div class=\"skype_c2c_menu_add2skype\" style=\"left: 244.9px; top: 192.233px; display: none;\"><a id=\"skype_c2c_menu_add2skype_text\" class=\"skype_c2c_menu_add2skype_text\" href=\"skype:+902122856442?add&amp;origin=FFTB\/SPNR\/7.1.15383.6004\/http%3A%2F%2Fwww.serdarbeji.com%2Fwp-admin%2Fpost.php\">Add to Skype<\/a><\/div>\n<div class=\"skype_c2c_menu_toll_info\" style=\"left: 244.9px; top: 192.233px; display: none;\"><span class=\"skype_c2c_menu_toll_callcredit\">You&#8217;ll need Skype Credit<\/span><span class=\"skype_c2c_menu_toll_free\">Free via Skype<\/span><\/div>\n<p>&nbsp;<\/p>\n<p>&nbsp;<\/p>\n","protected":false},"excerpt":{"rendered":"<p>Ad\u0131 Soyad\u0131:\u00a0\u00a0\u00a0\u00a0\u00a0\u00a0\u00a0\u00a0\u00a0\u00a0\u00a0\u00a0\u00a0\u00a0\u00a0\u00a0\u00a0\u00a0\u00a0\u00a0 Serdar Beji Do\u011fum Yeri ve Y\u0131l\u0131:\u00a0 \u00a0\u00a0\u00a0\u00a0\u00a0 K\u0131rklareli, 1960 Medeni Hali:\u00a0\u00a0\u00a0\u00a0\u00a0\u00a0\u00a0\u00a0\u00a0\u00a0\u00a0 \u00a0 \u00a0\u00a0 \u00a0 Evli ve iki \u00e7ocuklu \u00c7al\u0131\u015ft\u0131\u011f\u0131 Kurum:\u00a0 \u00a0 \u00a0 \u00a0 \u00a0 \u00a0 \u00a0Biruni \u00dcniversitesi Adres:\u00a0\u00a0\u00a0\u00a0\u00a0\u00a0\u00a0\u00a0\u00a0\u00a0\u00a0\u00a0\u00a0\u00a0\u00a0\u00a0\u00a0\u00a0\u00a0\u00a0\u00a0\u00a0\u00a0\u00a0\u00a0\u00a0\u00a0\u00a0\u00a0 Biruni \u00dcniversitesi, M\u00fchendislik ve Do\u011fa Bilimleri Fak\u00fcltesi, 34015 Zeytinburnu, \u0130stanbul,&#8230; <a class=\"more-link\" href=\"http:\/\/www.serdarbeji.com\/?page_id=52\">Continue Reading &rarr;<\/a><\/p>\n","protected":false},"author":1,"featured_media":0,"parent":0,"menu_order":0,"comment_status":"open","ping_status":"closed","template":"","meta":{"footnotes":""},"class_list":["post-52","page","type-page","status-publish","hentry"],"_links":{"self":[{"href":"http:\/\/www.serdarbeji.com\/index.php?rest_route=\/wp\/v2\/pages\/52","targetHints":{"allow":["GET"]}}],"collection":[{"href":"http:\/\/www.serdarbeji.com\/index.php?rest_route=\/wp\/v2\/pages"}],"about":[{"href":"http:\/\/www.serdarbeji.com\/index.php?rest_route=\/wp\/v2\/types\/page"}],"author":[{"embeddable":true,"href":"http:\/\/www.serdarbeji.com\/index.php?rest_route=\/wp\/v2\/users\/1"}],"replies":[{"embeddable":true,"href":"http:\/\/www.serdarbeji.com\/index.php?rest_route=%2Fwp%2Fv2%2Fcomments&post=52"}],"version-history":[{"count":32,"href":"http:\/\/www.serdarbeji.com\/index.php?rest_route=\/wp\/v2\/pages\/52\/revisions"}],"predecessor-version":[{"id":733,"href":"http:\/\/www.serdarbeji.com\/index.php?rest_route=\/wp\/v2\/pages\/52\/revisions\/733"}],"wp:attachment":[{"href":"http:\/\/www.serdarbeji.com\/index.php?rest_route=%2Fwp%2Fv2%2Fmedia&parent=52"}],"curies":[{"name":"wp","href":"https:\/\/api.w.org\/{rel}","templated":true}]}}