{"id":59,"date":"2014-03-27T12:31:10","date_gmt":"2014-03-27T12:31:10","guid":{"rendered":"http:\/\/www.serdarbeji.com\/?page_id=59"},"modified":"2015-07-01T21:08:17","modified_gmt":"2015-07-01T18:08:17","slug":"yayinlar","status":"publish","type":"page","link":"http:\/\/www.serdarbeji.com\/?page_id=59","title":{"rendered":"YAYINLAR"},"content":{"rendered":"<p>T\u00fcm yay\u0131nlar:<\/p>\n<p><strong>Uluslararas\u0131 Bilimsel Dergi Makaleleri<\/strong><\/p>\n<p><strong>Uluslaras\u0131 Konferans Makaleleri<\/strong> ve<\/p>\n<p><strong>Ulusal Makaleler, Raporlar ve Kitaplar<\/strong> ba\u015fl\u0131kl\u0131 sayfalarda yer almaktad\u0131r.<\/p>\n","protected":false},"excerpt":{"rendered":"<p>T\u00fcm yay\u0131nlar: Uluslararas\u0131 Bilimsel Dergi Makaleleri Uluslaras\u0131 Konferans Makaleleri ve Ulusal Makaleler, Raporlar ve Kitaplar ba\u015fl\u0131kl\u0131 sayfalarda yer almaktad\u0131r.<\/p>\n","protected":false},"author":1,"featured_media":0,"parent":0,"menu_order":0,"comment_status":"open","ping_status":"open","template":"","meta":{"footnotes":""},"class_list":["post-59","page","type-page","status-publish","hentry"],"_links":{"self":[{"href":"http:\/\/www.serdarbeji.com\/index.php?rest_route=\/wp\/v2\/pages\/59","targetHints":{"allow":["GET"]}}],"collection":[{"href":"http:\/\/www.serdarbeji.com\/index.php?rest_route=\/wp\/v2\/pages"}],"about":[{"href":"http:\/\/www.serdarbeji.com\/index.php?rest_route=\/wp\/v2\/types\/page"}],"author":[{"embeddable":true,"href":"http:\/\/www.serdarbeji.com\/index.php?rest_route=\/wp\/v2\/users\/1"}],"replies":[{"embeddable":true,"href":"http:\/\/www.serdarbeji.com\/index.php?rest_route=%2Fwp%2Fv2%2Fcomments&post=59"}],"version-history":[{"count":41,"href":"http:\/\/www.serdarbeji.com\/index.php?rest_route=\/wp\/v2\/pages\/59\/revisions"}],"predecessor-version":[{"id":453,"href":"http:\/\/www.serdarbeji.com\/index.php?rest_route=\/wp\/v2\/pages\/59\/revisions\/453"}],"wp:attachment":[{"href":"http:\/\/www.serdarbeji.com\/index.php?rest_route=%2Fwp%2Fv2%2Fmedia&parent=59"}],"curies":[{"name":"wp","href":"https:\/\/api.w.org\/{rel}","templated":true}]}}