{"id":71,"date":"2014-03-27T12:35:10","date_gmt":"2014-03-27T12:35:10","guid":{"rendered":"http:\/\/www.serdarbeji.com\/?page_id=71"},"modified":"2024-10-25T14:16:30","modified_gmt":"2024-10-25T11:16:30","slug":"acik-deniz-yapilari","status":"publish","type":"page","link":"http:\/\/www.serdarbeji.com\/?page_id=71","title":{"rendered":"A\u00e7\u0131k Deniz Yap\u0131lar\u0131"},"content":{"rendered":"<p><a href=\"http:\/\/www.serdarbeji.com\/wp-content\/uploads\/2014\/03\/wave-75.jpg\"><img loading=\"lazy\" decoding=\"async\" class=\"alignnone size-full wp-image-366\" src=\"http:\/\/www.serdarbeji.com\/wp-content\/uploads\/2014\/03\/wave-75.jpg\" alt=\"wave 75\" width=\"246\" height=\"205\" \/><\/a><a href=\"http:\/\/www.serdarbeji.com\/wp-content\/uploads\/2014\/03\/wave-69.jpg\"><img loading=\"lazy\" decoding=\"async\" class=\"alignnone wp-image-368\" src=\"http:\/\/www.serdarbeji.com\/wp-content\/uploads\/2014\/03\/wave-69.jpg\" alt=\"wave 69\" width=\"206\" height=\"205\" srcset=\"http:\/\/www.serdarbeji.com\/wp-content\/uploads\/2014\/03\/wave-69.jpg 225w, http:\/\/www.serdarbeji.com\/wp-content\/uploads\/2014\/03\/wave-69-150x150.jpg 150w\" sizes=\"auto, (max-width: 206px) 100vw, 206px\" \/><\/a><a href=\"http:\/\/www.serdarbeji.com\/wp-content\/uploads\/2014\/03\/wave-62.jpg\"><img loading=\"lazy\" decoding=\"async\" class=\"wp-image-369 alignleft\" src=\"http:\/\/www.serdarbeji.com\/wp-content\/uploads\/2014\/03\/wave-62.jpg\" alt=\"wave 62\" width=\"210\" height=\"179\" \/><\/a><a href=\"http:\/\/www.serdarbeji.com\/wp-content\/uploads\/2014\/03\/wave-60.jpg\"><img loading=\"lazy\" decoding=\"async\" class=\"alignnone wp-image-370\" src=\"http:\/\/www.serdarbeji.com\/wp-content\/uploads\/2014\/03\/wave-60.jpg\" alt=\"wave 60\" width=\"236\" height=\"177\" \/><\/a><\/p>\n<p style=\"text-align: justify;\">\u0130stanbul Teknik \u00dcniversitesi, Gemi \u0130n\u015faat\u0131 ve Deniz Bilimleri Fak\u00fcltesinde A\u00e7\u0131k Deniz Yap\u0131lar\u0131 M\u00fchendisli\u011fi alan\u0131ndaki y\u00fcksek lisans program\u0131nda 2015-2024 y\u0131llar\u0131 aras\u0131nda Program Koordinat\u00f6r\u00fc olarak g\u00f6rev ald\u0131m ve a\u015fa\u011f\u0131daki dersleri verdim.<\/p>\n<p>1. <span style=\"color: #0000ff;\">Offshore Engineering Mechanics: Hydrodynamics<\/span><\/p>\n<p style=\"text-align: justify;\">Offshore engineering and offshore structures. Fundamental concepts and equations. Wave theories. Random sea waves. Statistical properties of random waves. Spectra of waves. Estimation of wave conditions at a location in sea. Statistical analysis of extreme waves. Wave forces on small bodies. Wave forces on large bodies. Random wave forces. Morison equation with a wave spectrum. Dynamic response of structures.<\/p>\n<p>2. <span style=\"color: #0000ff;\">Offshore Wind Farm Design<\/span><\/p>\n<p style=\"text-align: justify;\">Introduction to wind energy. Design considerations. Offshore wind climate. Waves, currents and combined statistics. Foundations. Loads, dynamics and structural design. Installation. Wind farm aspects. Operation and maintenance.<\/p>\n","protected":false},"excerpt":{"rendered":"<p>\u0130stanbul Teknik \u00dcniversitesi, Gemi \u0130n\u015faat\u0131 ve Deniz Bilimleri Fak\u00fcltesinde A\u00e7\u0131k Deniz Yap\u0131lar\u0131 M\u00fchendisli\u011fi alan\u0131ndaki y\u00fcksek lisans program\u0131nda 2015-2024 y\u0131llar\u0131 aras\u0131nda Program Koordinat\u00f6r\u00fc olarak g\u00f6rev ald\u0131m ve a\u015fa\u011f\u0131daki dersleri verdim. 1. Offshore Engineering Mechanics: Hydrodynamics Offshore engineering and offshore structures. Fundamental&#8230; <a class=\"more-link\" href=\"http:\/\/www.serdarbeji.com\/?page_id=71\">Continue Reading &rarr;<\/a><\/p>\n","protected":false},"author":1,"featured_media":0,"parent":306,"menu_order":0,"comment_status":"open","ping_status":"open","template":"","meta":{"footnotes":""},"class_list":["post-71","page","type-page","status-publish","hentry"],"_links":{"self":[{"href":"http:\/\/www.serdarbeji.com\/index.php?rest_route=\/wp\/v2\/pages\/71","targetHints":{"allow":["GET"]}}],"collection":[{"href":"http:\/\/www.serdarbeji.com\/index.php?rest_route=\/wp\/v2\/pages"}],"about":[{"href":"http:\/\/www.serdarbeji.com\/index.php?rest_route=\/wp\/v2\/types\/page"}],"author":[{"embeddable":true,"href":"http:\/\/www.serdarbeji.com\/index.php?rest_route=\/wp\/v2\/users\/1"}],"replies":[{"embeddable":true,"href":"http:\/\/www.serdarbeji.com\/index.php?rest_route=%2Fwp%2Fv2%2Fcomments&post=71"}],"version-history":[{"count":12,"href":"http:\/\/www.serdarbeji.com\/index.php?rest_route=\/wp\/v2\/pages\/71\/revisions"}],"predecessor-version":[{"id":737,"href":"http:\/\/www.serdarbeji.com\/index.php?rest_route=\/wp\/v2\/pages\/71\/revisions\/737"}],"up":[{"embeddable":true,"href":"http:\/\/www.serdarbeji.com\/index.php?rest_route=\/wp\/v2\/pages\/306"}],"wp:attachment":[{"href":"http:\/\/www.serdarbeji.com\/index.php?rest_route=%2Fwp%2Fv2%2Fmedia&parent=71"}],"curies":[{"name":"wp","href":"https:\/\/api.w.org\/{rel}","templated":true}]}}