{"id":77,"date":"2014-03-27T12:41:33","date_gmt":"2014-03-27T12:41:33","guid":{"rendered":"http:\/\/www.serdarbeji.com\/?page_id=77"},"modified":"2024-10-25T14:22:54","modified_gmt":"2024-10-25T11:22:54","slug":"ceken-akintilar","status":"publish","type":"page","link":"http:\/\/www.serdarbeji.com\/?page_id=77","title":{"rendered":"\u00c7eken Ak\u0131nt\u0131lar"},"content":{"rendered":"<p style=\"text-align: justify;\">\u00c7eken ak\u0131nt\u0131lar\u00a0(\u0130ng., rip currents) genellikle A.B.D. ve Avusturalya gibi okyanusa k\u0131y\u0131s\u0131 olan \u00fclkelerde kar\u015f\u0131la\u015f\u0131lan g\u00fc\u00e7l\u00fc ve o nedenle de \u00e7ok tehlikeli ak\u0131nt\u0131lard\u0131r. \u00dclkemizde de ne yaz\u0131k ki Karadeniz k\u0131y\u0131lar\u0131nda olduk\u00e7a s\u0131k g\u00f6r\u00fclmektedir. \u0130stanbul \u0130l Jandarma Komutanl\u0131\u011f\u0131&#8217;n\u0131n \u00f6nerdi\u011fi\u00a0ve\u00a0\u0130stanbul Kalk\u0131nma Ajans\u0131&#8217;n\u0131n destekledi\u011fi\u00a0&#8220;Ak\u0131nt\u0131ya Tutulma Ya\u015fama Tutun&#8221; ba\u015fl\u0131kl\u0131 proje \u00e7er\u00e7evesinde haz\u0131rlad\u0131\u011f\u0131m\u0131z\u00a0bro\u015f\u00fcrlerden birisi \u00e7eken ak\u0131nt\u0131y\u0131 a\u00e7\u0131klamaktad\u0131r.<\/p>\n<p><a href=\"http:\/\/www.serdarbeji.com\/wp-content\/uploads\/2014\/03\/Ceken-Akinti-Nedir.jpg\"><img loading=\"lazy\" decoding=\"async\" class=\"wp-image-465 aligncenter\" src=\"http:\/\/www.serdarbeji.com\/wp-content\/uploads\/2014\/03\/Ceken-Akinti-Nedir-300x212.jpg\" alt=\"Ceken Akinti Nedir\" width=\"308\" height=\"218\" srcset=\"http:\/\/www.serdarbeji.com\/wp-content\/uploads\/2014\/03\/Ceken-Akinti-Nedir-300x212.jpg 300w, http:\/\/www.serdarbeji.com\/wp-content\/uploads\/2014\/03\/Ceken-Akinti-Nedir-1024x724.jpg 1024w, http:\/\/www.serdarbeji.com\/wp-content\/uploads\/2014\/03\/Ceken-Akinti-Nedir-945x668.jpg 945w, http:\/\/www.serdarbeji.com\/wp-content\/uploads\/2014\/03\/Ceken-Akinti-Nedir-600x424.jpg 600w, http:\/\/www.serdarbeji.com\/wp-content\/uploads\/2014\/03\/Ceken-Akinti-Nedir.jpg 1754w\" sizes=\"auto, (max-width: 308px) 100vw, 308px\" \/><\/a><\/p>\n<p style=\"text-align: justify;\">Konuyla ilgili olarak ilk \u00e7al\u0131\u015fma, \u00f6zellikle \u015eile k\u0131y\u0131lar\u0131nda \u00e7eken ak\u0131nt\u0131lara ba\u011fl\u0131 y\u00fcksek say\u0131daki bo\u011fulma olaylar\u0131 nedeniyle 2007 y\u0131l\u0131nda haz\u0131rlanan ve Gemi M\u00fchendisleri Odas\u0131 taraf\u0131ndan bas\u0131lan\u00a0<a href=\"http:\/\/www.serdarbeji.com\/wp-content\/uploads\/2015\/07\/Beji-Barlas-GMO-Rapor-07.pdf\">Beji Barlas GMO Rapor 07<\/a>\u00a0rapordur. 2012 y\u0131l\u0131nda ba\u015flayan &#8220;Ak\u0131nt\u0131ya Tutulma Ya\u015fama Tutun&#8221; projesi kapsam\u0131nda yap\u0131lan \u00e7al\u0131\u015fmalar \u00f6nce Gemi \u0130n\u015faat\u0131 ve Deniz Teknolojisi Teknik Kongresi &#8217;12 kapsam\u0131nda sunulmu\u015ftur <a href=\"http:\/\/www.serdarbeji.com\/wp-content\/uploads\/2014\/03\/Barlas-Beji-Tasci-Isik-GMS-12.pdf\">Barlas Beji Tasci Isik GMS 12<\/a>. Ard\u0131ndan, ayn\u0131 proje kapsam\u0131nda d\u00fczenlenen \u00e7al\u0131\u015ftay\u0131n bildiriler kitab\u0131 <a href=\"http:\/\/www.serdarbeji.com\/wp-content\/uploads\/2014\/03\/Beji-Barlas-Isik-ITU-Vakfi-Kitap-13.pdf\" rel=\"\">Beji Barlas Isik ITU Vakfi Kitap 13<\/a>\u00a0\u0130T\u00dc Vakf\u0131 taraf\u0131ndan 2013 y\u0131l\u0131nda yay\u0131nlanm\u0131\u015ft\u0131r. 2014 y\u0131l\u0131ndaki 8. K\u0131y\u0131 M\u00fchendisli\u011fi Sempozyumu&#8217;nda da konuya ili\u015fkin bir \u00e7al\u0131\u015fma sunulmu\u015ftur <a href=\"http:\/\/www.serdarbeji.com\/wp-content\/uploads\/2014\/03\/Barlas-Beji-KMS-14.pdf\">Barlas Beji KMS 14<\/a>. 2015 y\u0131l\u0131nda \u00e7eken ak\u0131nt\u0131lara ili\u015fkin \u00f6zellikle pratik konular\u0131n yer ald\u0131\u011f\u0131 bir di\u011fer kitap <a href=\"http:\/\/www.serdarbeji.com\/wp-content\/uploads\/2014\/03\/Beji-Barlas-AFAD-Kitap-15.pdf\" rel=\"\">Beji Barlas AFAD Kitap 15<\/a>\u00a0ise AFAD taraf\u0131ndan bas\u0131lm\u0131\u015ft\u0131r. \u0130stanbul&#8217;un Karadeniz k\u0131y\u0131lar\u0131nda 2007-2012 y\u0131llar\u0131 aras\u0131ndaki \u00e7eken ak\u0131nt\u0131 vakalar\u0131na ili\u015fkin istatistiki ve sosyal analizlerin yap\u0131ld\u0131\u011f\u0131 bir makale <a href=\"http:\/\/www.serdarbeji.com\/wp-content\/uploads\/2015\/07\/Barlas-Beji-Natural-Hazards-16.pdf\" rel=\"\">Barlas Beji Natural Hazards 16<\/a>\u00a0uluslararas\u0131 bir dergide \u0130ngilizce olarak yay\u0131nlanm\u0131\u015ft\u0131r. Yine \u0130ngilizce olarak haz\u0131rlanan Karadeniz Kitab\u0131&#8217;nda yay\u0131nlanan kitap b\u00f6l\u00fcm\u00fc\u00a0<a href=\"http:\/\/www.serdarbeji.com\/wp-content\/uploads\/2018\/01\/Beji-Barlas-TUDAV-Black-Sea-Book-17.pdf\">Beji Barlas TUDAV Black Sea Book 17<\/a> genelde \u00e7eken ak\u0131nt\u0131lar ve \u00f6zel olarak \u00fclkemizin Karadeniz k\u0131y\u0131lar\u0131ndaki \u00e7eken ak\u0131nt\u0131lar\u0131 ayr\u0131nt\u0131l\u0131 olarak incelemektedir. Konuyla ilgili son \u00e7al\u0131\u015fmam\u0131z, \u0130stanbul&#8217;da d\u00fczenlenen Suda Bo\u011fulmalar ve \u00c7eken Ak\u0131nt\u0131lar \u00c7al\u0131\u015ftay\u0131&#8217;nda sunulan bildirimizdir <a href=\"http:\/\/www.serdarbeji.com\/wp-content\/uploads\/2018\/06\/Barlas-Beji-SBCAC-18.pdf\">Barlas Beji SBCAC 18<\/a><\/p>\n","protected":false},"excerpt":{"rendered":"<p>\u00c7eken ak\u0131nt\u0131lar\u00a0(\u0130ng., rip currents) genellikle A.B.D. ve Avusturalya gibi okyanusa k\u0131y\u0131s\u0131 olan \u00fclkelerde kar\u015f\u0131la\u015f\u0131lan g\u00fc\u00e7l\u00fc ve o nedenle de \u00e7ok tehlikeli ak\u0131nt\u0131lard\u0131r. \u00dclkemizde de ne yaz\u0131k ki Karadeniz k\u0131y\u0131lar\u0131nda olduk\u00e7a s\u0131k g\u00f6r\u00fclmektedir. \u0130stanbul \u0130l Jandarma Komutanl\u0131\u011f\u0131&#8217;n\u0131n \u00f6nerdi\u011fi\u00a0ve\u00a0\u0130stanbul Kalk\u0131nma Ajans\u0131&#8217;n\u0131n destekledi\u011fi\u00a0&#8220;Ak\u0131nt\u0131ya&#8230; <a class=\"more-link\" href=\"http:\/\/www.serdarbeji.com\/?page_id=77\">Continue Reading &rarr;<\/a><\/p>\n","protected":false},"author":1,"featured_media":0,"parent":0,"menu_order":0,"comment_status":"open","ping_status":"open","template":"","meta":{"footnotes":""},"class_list":["post-77","page","type-page","status-publish","hentry"],"_links":{"self":[{"href":"http:\/\/www.serdarbeji.com\/index.php?rest_route=\/wp\/v2\/pages\/77","targetHints":{"allow":["GET"]}}],"collection":[{"href":"http:\/\/www.serdarbeji.com\/index.php?rest_route=\/wp\/v2\/pages"}],"about":[{"href":"http:\/\/www.serdarbeji.com\/index.php?rest_route=\/wp\/v2\/types\/page"}],"author":[{"embeddable":true,"href":"http:\/\/www.serdarbeji.com\/index.php?rest_route=\/wp\/v2\/users\/1"}],"replies":[{"embeddable":true,"href":"http:\/\/www.serdarbeji.com\/index.php?rest_route=%2Fwp%2Fv2%2Fcomments&post=77"}],"version-history":[{"count":17,"href":"http:\/\/www.serdarbeji.com\/index.php?rest_route=\/wp\/v2\/pages\/77\/revisions"}],"predecessor-version":[{"id":738,"href":"http:\/\/www.serdarbeji.com\/index.php?rest_route=\/wp\/v2\/pages\/77\/revisions\/738"}],"wp:attachment":[{"href":"http:\/\/www.serdarbeji.com\/index.php?rest_route=%2Fwp%2Fv2%2Fmedia&parent=77"}],"curies":[{"name":"wp","href":"https:\/\/api.w.org\/{rel}","templated":true}]}}